{"id":3086,"date":"2022-12-13T14:53:26","date_gmt":"2022-12-13T14:53:26","guid":{"rendered":"https:\/\/tavferhoteis.pt\/cookies\/"},"modified":"2023-03-21T17:26:09","modified_gmt":"2023-03-21T17:26:09","slug":"cookies","status":"publish","type":"page","link":"https:\/\/tavferhoteis.pt\/es\/cookies\/","title":{"rendered":"Cookies"},"content":{"rendered":"<p>[et_pb_section fb_built=\u00bb1&#8243; _builder_version=\u00bb4.17.4&#8243; _module_preset=\u00bbdefault\u00bb global_colors_info=\u00bb{}\u00bb][et_pb_row _builder_version=\u00bb4.17.4&#8243; _module_preset=\u00bbdefault\u00bb global_colors_info=\u00bb{}\u00bb][et_pb_column type=\u00bb4_4&#8243; _builder_version=\u00bb4.17.4&#8243; _module_preset=\u00bbdefault\u00bb global_colors_info=\u00bb{}\u00bb][\/et_pb_column][\/et_pb_row][\/et_pb_section][et_pb_section fb_built=\u00bb1&#8243; _builder_version=\u00bb4.17.4&#8243; _module_preset=\u00bbdefault\u00bb global_colors_info=\u00bb{}\u00bb][et_pb_row _builder_version=\u00bb4.17.4&#8243; _module_preset=\u00bbdefault\u00bb global_colors_info=\u00bb{}\u00bb][et_pb_column type=\u00bb4_4&#8243; _builder_version=\u00bb4.17.4&#8243; _module_preset=\u00bbdefault\u00bb global_colors_info=\u00bb{}\u00bb][et_pb_text _builder_version=\u00bb4.17.4&#8243; _module_preset=\u00bbdefault\u00bb custom_padding=\u00bb0px|||||\u00bb global_colors_info=\u00bb{}\u00bb]<\/p>\n<h1>Pol\u00edtica de cookies<\/h1>\n<p>&nbsp;<\/p>\n<p>&nbsp;<\/p>\n<ol>\n<li><strong>  Cookies<\/strong><\/li>\n<\/ol>\n<p>Con el fin de proporcionar un servicio m\u00e1s personalizado, el sitio tavfervinhos.com utiliza cookies para recoger y almacenar informaci\u00f3n. Una cookie es un peque\u00f1o archivo de informaci\u00f3n que se coloca en su ordenador y permite recordar sus elecciones, fechas y visitas anteriores al sitio.<\/p>\n<p>En cualquier momento puede utilizar su navegador de Internet para decidir bloquear la entrada en su sistema.<\/p>\n<p>El rechazo al uso de cookies en el sitio web puede tener como consecuencia la imposibilidad de acceder a algunas de sus \u00e1reas o de recibir informaci\u00f3n personalizada.<\/p>\n<p><strong>1.2 Para qu\u00e9 se utilizan <\/strong><strong><strong>cookies<\/strong><\/strong><\/p>\n<p>Las cookies se utilizan para ayudar a determinar la utilidad, el inter\u00e9s y el n\u00famero de usos de los sitios web, permitiendo una navegaci\u00f3n m\u00e1s r\u00e1pida y eficaz y eliminando la necesidad de introducir repetidamente la misma informaci\u00f3n.<\/p>\n<p>Qu\u00e9 tipo de cookies utilizamos<\/p>\n<p><strong>1.2.1 Nuestras cookies tienen diferentes funciones:<\/strong><\/p>\n<p><strong>1.2.1.1 Cookies esenciales<\/strong><\/p>\n<p>Algunas cookies son esenciales para acceder a \u00e1reas espec\u00edficas de nuestro sitio web.<\/p>\n<p>Le permiten navegar por el sitio y utilizar sus aplicaciones, como acceder a zonas seguras del sitio iniciando sesi\u00f3n. Sin estas cookies, no pueden prestarse los servicios que lo requieren.<\/p>\n<p><strong>1.2.1.2 Cookies anal\u00edticas<\/strong><\/p>\n<p>Utilizamos estas cookies para analizar el uso que hacen los usuarios del sitio y controlar su rendimiento. Esto nos permite ofrecer una experiencia de alta calidad personalizando nuestra oferta e identificando y corrigiendo r\u00e1pidamente cualquier problema que surja. Por ejemplo, utilizamos cookies de rendimiento para saber qu\u00e9 p\u00e1ginas son m\u00e1s populares, qu\u00e9 m\u00e9todo de enlace de p\u00e1ginas es m\u00e1s eficaz o para determinar por qu\u00e9 algunas p\u00e1ginas reciben mensajes de error. Estas cookies s\u00f3lo se utilizan con fines de creaci\u00f3n y an\u00e1lisis estad\u00edstico y nunca recogen informaci\u00f3n personal.<\/p>\n<p><strong>1.2.1.3 Cookies de funcionalidad<\/strong><\/p>\n<p>Utilizamos cookies de funcionalidad que nos permiten recordar las preferencias del usuario.<\/p>\n<p><strong>1.2.2 Las cookies utilizadas pueden ser:<\/strong><\/p>\n<p><strong>1.2.2.1 Cookies permanentes<\/strong><\/p>\n<p>Se almacenan en el navegador de Internet de sus dispositivos de acceso (ordenador, m\u00f3vil y tableta) y se utilizan cada vez que vuelve a visitar el sitio.<\/p>\n<p><strong>1.2.2.2 Cookies de sesi\u00f3n<\/strong><\/p>\n<p>Son temporales, permanecen en las cookies de su navegador de Internet hasta que abandona el sitio. La informaci\u00f3n obtenida nos permite identificar problemas y ofrecer una mejor experiencia de navegaci\u00f3n.<\/p>\n<p><strong>1.2.2.3 Se puede bloquear el uso de cookies<\/strong><\/p>\n<p>Como ya hemos explicado, las cookies le ayudan a sacar el m\u00e1ximo partido de nuestros sitios web.<\/p>\n<p>Despu\u00e9s de consentir el uso de cookies, siempre puede desactivar algunas o todas nuestras cookies. Todos los navegadores de Internet le permiten aceptar, rechazar o eliminar cookies mediante la configuraci\u00f3n de su navegador.<\/p>\n<p>Le recordamos que, si desactiva las cookies, es posible que algunas partes de nuestro sitio web no funcionen correctamente.<\/p>\n<p><strong>1.2.2.4 Uso de cookies al abrir nuestros boletines informativos<\/strong><\/p>\n<p>Nuestros boletines pueden contener, con fines estad\u00edsticos, un \u00fanico \u00abp\u00edxel\u00bb que nos permite saber si se abren y comprobar los clics a trav\u00e9s de enlaces o anuncios dentro del bolet\u00edn.<\/p>\n<p>Si accede a nuestras p\u00e1ginas web a trav\u00e9s de un enlace del bolet\u00edn de noticias, tambi\u00e9n nos autoriza a procesar y utilizar su direcci\u00f3n IP, datos de localizaci\u00f3n, balizas web y tecnolog\u00edas similares; utilizamos la recopilaci\u00f3n de esta informaci\u00f3n para comprobar si las ofertas que le presentamos se ajustan a sus preferencias y para mejorar su experiencia de navegaci\u00f3n.<\/p>\n<p><strong>1.2.2.5 M\u00e1s informaci\u00f3n sobre las cookies<\/strong><\/p>\n<p>Puede obtener m\u00e1s informaci\u00f3n sobre las cookies en el siguiente enlace: <strong><br \/>\n  <a href=\"http:\/\/www.allaboutcookies.org\/\">www.allaboutcookies.org<\/a><br \/>\n<\/strong><\/p>\n<p><strong>1.3 \u00bfQui\u00e9n tendr\u00e1 acceso a mis datos?<\/strong><\/p>\n<p>Toda la informaci\u00f3n es confidencial y utilizada \u00fanicamente por Empreendimentos Tur\u00edsticos Quinta dos Cedros, S.A., para el procesamiento de la reserva y eventual env\u00edo de noticias. No se cede informaci\u00f3n a terceros.<\/p>\n<p><strong>1.4 Pol\u00edtica de privacidad y seguridad &#8211; \u00bfC\u00f3mo puede conocer los cambios?<\/strong><\/p>\n<p>Empreendimentos Tur\u00edsticos Quinta dos Cedros, S.A., se reserva el derecho, en cualquier momento, de realizar modificaciones o actualizaciones en su Pol\u00edtica de Privacidad, Seguridad y Protecci\u00f3n de Datos, y estos cambios est\u00e1n debidamente actualizados en esta p\u00e1gina. Le sugerimos que la consulte peri\u00f3dicamente para estar al tanto de cualquier cambio.<\/p>\n<p><strong>1.5 Datos del propietario y responsable del sitio web<\/strong><\/p>\n<p>Empreendimentos Tur\u00edsticos Quinta dos Cedros, S.A., con domicilio en Avenida Tom\u00e1s Cabreira \u2013 8500-802 Portim\u00e3o y NIF \u2013 502671238<\/p>\n<p>&nbsp;<\/p>\n<p>[\/et_pb_text][\/et_pb_column][\/et_pb_row][\/et_pb_section]<\/p>\n","protected":false},"excerpt":{"rendered":"<p>Pol\u00edtica de cookies &nbsp; &nbsp; Cookies Con el fin de proporcionar un servicio m\u00e1s personalizado, el sitio tavfervinhos.com utiliza cookies para recoger y almacenar informaci\u00f3n. Una cookie es un peque\u00f1o archivo de informaci\u00f3n que se coloca en su ordenador y permite recordar sus elecciones, fechas y visitas anteriores al sitio. En cualquier momento puede utilizar [&hellip;]<\/p>\n","protected":false},"author":1,"featured_media":0,"parent":0,"menu_order":0,"comment_status":"closed","ping_status":"closed","template":"","meta":{"_et_pb_use_builder":"on","_et_pb_old_content":"","_et_gb_content_width":"","footnotes":""},"class_list":["post-3086","page","type-page","status-publish","hentry"],"yoast_head":"<!-- This site is optimized with the Yoast SEO plugin v21.5 - https:\/\/yoast.com\/wordpress\/plugins\/seo\/ -->\n<title>Cookies - Tavfer Hoteis<\/title>\n<meta name=\"robots\" content=\"index, follow, max-snippet:-1, max-image-preview:large, max-video-preview:-1\" \/>\n<link rel=\"canonical\" href=\"https:\/\/tavferhoteis.pt\/es\/cookies\/\" \/>\n<meta property=\"og:locale\" content=\"es_ES\" \/>\n<meta property=\"og:type\" content=\"article\" \/>\n<meta property=\"og:title\" content=\"Cookies - Tavfer Hoteis\" \/>\n<meta property=\"og:description\" content=\"Pol\u00edtica de cookies &nbsp; &nbsp; Cookies Con el fin de proporcionar un servicio m\u00e1s personalizado, el sitio tavfervinhos.com utiliza cookies para recoger y almacenar informaci\u00f3n. Una cookie es un peque\u00f1o archivo de informaci\u00f3n que se coloca en su ordenador y permite recordar sus elecciones, fechas y visitas anteriores al sitio. En cualquier momento puede utilizar [&hellip;]\" \/>\n<meta property=\"og:url\" content=\"https:\/\/tavferhoteis.pt\/es\/cookies\/\" \/>\n<meta property=\"og:site_name\" content=\"Tavfer Hoteis\" \/>\n<meta property=\"article:publisher\" content=\"https:\/\/www.facebook.com\/tavferhoteis\" \/>\n<meta property=\"article:modified_time\" content=\"2023-03-21T17:26:09+00:00\" \/>\n<meta name=\"twitter:card\" content=\"summary_large_image\" \/>\n<meta name=\"twitter:label1\" content=\"Tiempo de lectura\" \/>\n\t<meta name=\"twitter:data1\" content=\"4 minutos\" \/>\n<script type=\"application\/ld+json\" class=\"yoast-schema-graph\">{\"@context\":\"https:\/\/schema.org\",\"@graph\":[{\"@type\":\"WebPage\",\"@id\":\"https:\/\/tavferhoteis.pt\/es\/cookies\/\",\"url\":\"https:\/\/tavferhoteis.pt\/es\/cookies\/\",\"name\":\"Cookies - Tavfer Hoteis\",\"isPartOf\":{\"@id\":\"https:\/\/tavferhoteis.pt\/#website\"},\"datePublished\":\"2022-12-13T14:53:26+00:00\",\"dateModified\":\"2023-03-21T17:26:09+00:00\",\"breadcrumb\":{\"@id\":\"https:\/\/tavferhoteis.pt\/es\/cookies\/#breadcrumb\"},\"inLanguage\":\"es\",\"potentialAction\":[{\"@type\":\"ReadAction\",\"target\":[\"https:\/\/tavferhoteis.pt\/es\/cookies\/\"]}]},{\"@type\":\"BreadcrumbList\",\"@id\":\"https:\/\/tavferhoteis.pt\/es\/cookies\/#breadcrumb\",\"itemListElement\":[{\"@type\":\"ListItem\",\"position\":1,\"name\":\"In\u00edcio\",\"item\":\"https:\/\/tavferhoteis.pt\/es\/\"},{\"@type\":\"ListItem\",\"position\":2,\"name\":\"Cookies\"}]},{\"@type\":\"WebSite\",\"@id\":\"https:\/\/tavferhoteis.pt\/#website\",\"url\":\"https:\/\/tavferhoteis.pt\/\",\"name\":\"Tavfer Hoteis\",\"description\":\"Tavfer hoteis\",\"publisher\":{\"@id\":\"https:\/\/tavferhoteis.pt\/#organization\"},\"potentialAction\":[{\"@type\":\"SearchAction\",\"target\":{\"@type\":\"EntryPoint\",\"urlTemplate\":\"https:\/\/tavferhoteis.pt\/?s={search_term_string}\"},\"query-input\":\"required name=search_term_string\"}],\"inLanguage\":\"es\"},{\"@type\":\"Organization\",\"@id\":\"https:\/\/tavferhoteis.pt\/#organization\",\"name\":\"Tavfer Hoteis\",\"url\":\"https:\/\/tavferhoteis.pt\/\",\"logo\":{\"@type\":\"ImageObject\",\"inLanguage\":\"es\",\"@id\":\"https:\/\/tavferhoteis.pt\/#\/schema\/logo\/image\/\",\"url\":\"https:\/\/tavferhoteis.pt\/wp-content\/uploads\/2023\/01\/logo-header.png\",\"contentUrl\":\"https:\/\/tavferhoteis.pt\/wp-content\/uploads\/2023\/01\/logo-header.png\",\"width\":219,\"height\":46,\"caption\":\"Tavfer Hoteis\"},\"image\":{\"@id\":\"https:\/\/tavferhoteis.pt\/#\/schema\/logo\/image\/\"},\"sameAs\":[\"https:\/\/www.facebook.com\/tavferhoteis\"]}]}<\/script>\n<!-- \/ Yoast SEO plugin. -->","yoast_head_json":{"title":"Cookies - Tavfer Hoteis","robots":{"index":"index","follow":"follow","max-snippet":"max-snippet:-1","max-image-preview":"max-image-preview:large","max-video-preview":"max-video-preview:-1"},"canonical":"https:\/\/tavferhoteis.pt\/es\/cookies\/","og_locale":"es_ES","og_type":"article","og_title":"Cookies - Tavfer Hoteis","og_description":"Pol\u00edtica de cookies &nbsp; &nbsp; Cookies Con el fin de proporcionar un servicio m\u00e1s personalizado, el sitio tavfervinhos.com utiliza cookies para recoger y almacenar informaci\u00f3n. Una cookie es un peque\u00f1o archivo de informaci\u00f3n que se coloca en su ordenador y permite recordar sus elecciones, fechas y visitas anteriores al sitio. En cualquier momento puede utilizar [&hellip;]","og_url":"https:\/\/tavferhoteis.pt\/es\/cookies\/","og_site_name":"Tavfer Hoteis","article_publisher":"https:\/\/www.facebook.com\/tavferhoteis","article_modified_time":"2023-03-21T17:26:09+00:00","twitter_card":"summary_large_image","twitter_misc":{"Tiempo de lectura":"4 minutos"},"schema":{"@context":"https:\/\/schema.org","@graph":[{"@type":"WebPage","@id":"https:\/\/tavferhoteis.pt\/es\/cookies\/","url":"https:\/\/tavferhoteis.pt\/es\/cookies\/","name":"Cookies - Tavfer Hoteis","isPartOf":{"@id":"https:\/\/tavferhoteis.pt\/#website"},"datePublished":"2022-12-13T14:53:26+00:00","dateModified":"2023-03-21T17:26:09+00:00","breadcrumb":{"@id":"https:\/\/tavferhoteis.pt\/es\/cookies\/#breadcrumb"},"inLanguage":"es","potentialAction":[{"@type":"ReadAction","target":["https:\/\/tavferhoteis.pt\/es\/cookies\/"]}]},{"@type":"BreadcrumbList","@id":"https:\/\/tavferhoteis.pt\/es\/cookies\/#breadcrumb","itemListElement":[{"@type":"ListItem","position":1,"name":"In\u00edcio","item":"https:\/\/tavferhoteis.pt\/es\/"},{"@type":"ListItem","position":2,"name":"Cookies"}]},{"@type":"WebSite","@id":"https:\/\/tavferhoteis.pt\/#website","url":"https:\/\/tavferhoteis.pt\/","name":"Tavfer Hoteis","description":"Tavfer hoteis","publisher":{"@id":"https:\/\/tavferhoteis.pt\/#organization"},"potentialAction":[{"@type":"SearchAction","target":{"@type":"EntryPoint","urlTemplate":"https:\/\/tavferhoteis.pt\/?s={search_term_string}"},"query-input":"required name=search_term_string"}],"inLanguage":"es"},{"@type":"Organization","@id":"https:\/\/tavferhoteis.pt\/#organization","name":"Tavfer Hoteis","url":"https:\/\/tavferhoteis.pt\/","logo":{"@type":"ImageObject","inLanguage":"es","@id":"https:\/\/tavferhoteis.pt\/#\/schema\/logo\/image\/","url":"https:\/\/tavferhoteis.pt\/wp-content\/uploads\/2023\/01\/logo-header.png","contentUrl":"https:\/\/tavferhoteis.pt\/wp-content\/uploads\/2023\/01\/logo-header.png","width":219,"height":46,"caption":"Tavfer Hoteis"},"image":{"@id":"https:\/\/tavferhoteis.pt\/#\/schema\/logo\/image\/"},"sameAs":["https:\/\/www.facebook.com\/tavferhoteis"]}]}},"_links":{"self":[{"href":"https:\/\/tavferhoteis.pt\/es\/wp-json\/wp\/v2\/pages\/3086","targetHints":{"allow":["GET"]}}],"collection":[{"href":"https:\/\/tavferhoteis.pt\/es\/wp-json\/wp\/v2\/pages"}],"about":[{"href":"https:\/\/tavferhoteis.pt\/es\/wp-json\/wp\/v2\/types\/page"}],"author":[{"embeddable":true,"href":"https:\/\/tavferhoteis.pt\/es\/wp-json\/wp\/v2\/users\/1"}],"replies":[{"embeddable":true,"href":"https:\/\/tavferhoteis.pt\/es\/wp-json\/wp\/v2\/comments?post=3086"}],"version-history":[{"count":4,"href":"https:\/\/tavferhoteis.pt\/es\/wp-json\/wp\/v2\/pages\/3086\/revisions"}],"predecessor-version":[{"id":3586,"href":"https:\/\/tavferhoteis.pt\/es\/wp-json\/wp\/v2\/pages\/3086\/revisions\/3586"}],"wp:attachment":[{"href":"https:\/\/tavferhoteis.pt\/es\/wp-json\/wp\/v2\/media?parent=3086"}],"curies":[{"name":"wp","href":"https:\/\/api.w.org\/{rel}","templated":true}]}}