{"id":3092,"date":"2022-12-13T16:41:30","date_gmt":"2022-12-13T16:41:30","guid":{"rendered":"https:\/\/tavferhoteis.pt\/privacidad\/"},"modified":"2023-03-02T11:02:03","modified_gmt":"2023-03-02T11:02:03","slug":"privacidad","status":"publish","type":"page","link":"https:\/\/tavferhoteis.pt\/es\/privacidad\/","title":{"rendered":"Privacidad"},"content":{"rendered":"<p>[et_pb_section fb_built=\u00bb1&#8243; _builder_version=\u00bb4.17.4&#8243; _module_preset=\u00bbdefault\u00bb global_colors_info=\u00bb{}\u00bb][et_pb_row _builder_version=\u00bb4.17.4&#8243; _module_preset=\u00bbdefault\u00bb global_colors_info=\u00bb{}\u00bb][et_pb_column type=\u00bb4_4&#8243; _builder_version=\u00bb4.17.4&#8243; _module_preset=\u00bbdefault\u00bb global_colors_info=\u00bb{}\u00bb][\/et_pb_column][\/et_pb_row][\/et_pb_section][et_pb_section fb_built=\u00bb1&#8243; _builder_version=\u00bb4.17.4&#8243; _module_preset=\u00bbdefault\u00bb global_colors_info=\u00bb{}\u00bb][et_pb_row _builder_version=\u00bb4.17.4&#8243; _module_preset=\u00bbdefault\u00bb custom_padding=\u00bb|||33px||\u00bb global_colors_info=\u00bb{}\u00bb][et_pb_column type=\u00bb4_4&#8243; _builder_version=\u00bb4.17.4&#8243; _module_preset=\u00bbdefault\u00bb global_colors_info=\u00bb{}\u00bb][et_pb_text _builder_version=\u00bb4.17.4&#8243; _module_preset=\u00bbdefault\u00bb custom_padding=\u00bb0px|||||\u00bb hover_enabled=\u00bb0&#8243; global_colors_info=\u00bb{}\u00bb header_6_font_size=\u00bb10px\u00bb sticky_enabled=\u00bb0&#8243;]<\/p>\n<h1>Pol\u00edtica de privacidad<\/h1>\n<p>&nbsp;<\/p>\n<p>En <strong><br \/>\n  <em>Sociedade Agr\u00edcola Castro de Pena Alba, SA<\/em><br \/>\n<\/strong> respetamos su privacidad y le agradecemos su confianza. La privacidad de nuestros clientes y proveedores es primordial y en esta Pol\u00edtica de Privacidad le explicamos qui\u00e9nes somos, para qu\u00e9 podemos utilizar sus datos y con qui\u00e9n los compartimos, cu\u00e1nto tiempo los conservamos, as\u00ed como las formas de ponerse en contacto con nosotros y ejercer su leg\u00edtimo derecho.<\/p>\n<p>Sus datos ser\u00e1n tratados por <strong><br \/>\n  <em>Sociedade Agr\u00edcola Castro de Pena Alba, SA<\/em><br \/>\n<\/strong> con CIF 503 672 823, con domicilio social en Rua Virg\u00edlio Correia, 41 2\u00ba Esquerdo 1600-221 Lisboa &#8211; Portugal. A <strong><br \/>\n  <em>Sociedade Agr\u00edcola Castro de Pena Alba, SA<\/em><br \/>\n<\/strong> es responsable del tratamiento de los datos personales de conformidad con lo dispuesto en el Reglamento General de Protecci\u00f3n de Datos.<\/p>\n<p>Si tiene preguntas sobre el tratamiento de sus datos personales, p\u00f3ngase en contacto con nosotros por los siguientes medios:<\/p>\n<p><strong>Tel\u00e9fono:<\/strong>(+351) 232 642 428<\/p>\n<h6>Coste de una llamada a una red fija nacional.  <\/h6>\n<p><strong>Correo electr\u00f3nico: <\/strong>vinho@tavfer.com<\/p>\n<p>\u00bfPor qu\u00e9 necesitamos sus datos?<\/p>\n<p>A <strong><br \/>\n  <em>Sociedade Agr\u00edcola Castro de Pena Alba, SA<\/em><br \/>\n<\/strong> tratar\u00e1 sus datos personales para las siguientes finalidades:<\/p>\n<p>-Gesti\u00f3n de procesos de clientes<br \/>-Marketing<\/p>\n<p>\u00bfSe compartir\u00e1 mi informaci\u00f3n con otros?<\/p>\n<p>Su informaci\u00f3n no ser\u00e1 compartida con ninguna entidad que no sea <strong><br \/>\n  <em>Sociedade Agr\u00edcola Castro de Pena Alba, SA<\/em><br \/>\n<\/strong>.<\/p>\n<p>\u00bfCu\u00e1les son mis derechos?<\/p>\n<p>Puede preguntarnos en cualquier momento:<br \/>&#8211; Acceso a la informaci\u00f3n que tenemos sobre usted;<br \/>&#8211; La rectificaci\u00f3n de la informaci\u00f3n si es incorrecta o incompleta;<br \/>&#8211; Suprimir o limitar el tratamiento de sus datos personales;<\/p>\n<p>Las solicitudes se tratar\u00e1n con especial cuidado para que podamos garantizar la efectividad de sus derechos.<\/p>\n<p>Siempre se le informar\u00e1 de las medidas adoptadas a ra\u00edz de su solicitud en el plazo de un mes desde la presentaci\u00f3n de la misma.<\/p>\n<p>Tambi\u00e9n tiene derecho a presentar una reclamaci\u00f3n ante la <a href=\"https:\/\/www.cnpd.pt\/\">Comisi\u00f3n Nacional de Protecci\u00f3n de<\/a> Datos.<\/p>\n<p><strong>Derecho de acceso<\/strong> &#8211; El titular de los datos personales tiene derecho a obtener de <strong><br \/>\n  <em>Sociedade Agr\u00edcola Castro de Pena Alba, SA<\/em><br \/>\n<\/strong> confirmaci\u00f3n de si se est\u00e1n tratando o no datos personales que le conciernen y, en su caso, el acceso a sus datos personales<br \/><strong>Derecho de rectificaci\u00f3n<\/strong> &#8211; El titular de los datos personales tiene derecho a obtener de <strong><br \/>\n  <em>Sociedade Agr\u00edcola Castro de Pena Alba, SA<\/em><br \/>\n<\/strong> la rectificaci\u00f3n de los datos incompletos o inexactos que le conciernan<br \/><strong>Derecho al olvido<\/strong> &#8211; El titular de datos personales tiene derecho a pedir <strong><br \/>\n  <em>Sociedade Agr\u00edcola Castro de Pena Alba, SA<\/em><br \/>\n<\/strong> la supresi\u00f3n de los datos personales cuando concurra uno de los siguientes motivos<\/p>\n<ul>\n<li>Los datos personales ya no son necesarios para los fines para los que fueron recogidos o tratados;<\/li>\n<li>El interesado ha retirado su consentimiento para el tratamiento de los datos y no existe ning\u00fan otro motivo para dicho tratamiento.<\/li>\n<\/ul>\n<p><strong>Derecho de<\/strong> oposici\u00f3n &#8211; Puede oponerse al tratamiento de sus datos personales cuando el tratamiento se lleve a cabo con fines de mercadotecnia directa o para la promoci\u00f3n y difusi\u00f3n de nuestra oferta formativa.<\/p>\n<p>\u00bfPuedo revocar mi consentimiento posteriormente?<\/p>\n<p>Si el consentimiento es legalmente necesario para el tratamiento de datos personales, el interesado tendr\u00e1 derecho a retirar su consentimiento en cualquier momento, si bien este derecho no afectar\u00e1 a la licitud del tratamiento basado en el consentimiento previamente otorgado, ni al tratamiento ulterior de los mismos datos, como el cumplimiento de un contrato o de una obligaci\u00f3n legal a la que el  <strong><br \/>\n  <em>Sociedade Agr\u00edcola Castro de Pena Alba, SA<\/em><br \/>\n<\/strong> como entidad est\u00e1 sujeta.<\/p>\n<p><strong>\u00bfTiene alguna pregunta?<\/strong><\/p>\n<p>Si tiene alguna duda o necesita m\u00e1s aclaraciones sobre el tratamiento de sus datos personales, o desea ejercer alguno de sus derechos, p\u00f3ngase en contacto con nosotros a trav\u00e9s de los canales indicados anteriormente.<\/p>\n<p>A <strong><br \/>\n  <em>Sociedade Agr\u00edcola Castro de Pena Alba, SA<\/em><br \/>\n<\/strong> puede actualizar ocasionalmente su Pol\u00edtica de Privacidad. Le rogamos que revise peri\u00f3dicamente este documento para mantenerlo actualizado.<\/p>\n<p>[\/et_pb_text][\/et_pb_column][\/et_pb_row][\/et_pb_section]<\/p>\n","protected":false},"excerpt":{"rendered":"<p>Pol\u00edtica de privacidad &nbsp; En Sociedade Agr\u00edcola Castro de Pena Alba, SA respetamos su privacidad y le agradecemos su confianza. La privacidad de nuestros clientes y proveedores es primordial y en esta Pol\u00edtica de Privacidad le explicamos qui\u00e9nes somos, para qu\u00e9 podemos utilizar sus datos y con qui\u00e9n los compartimos, cu\u00e1nto tiempo los conservamos, as\u00ed [&hellip;]<\/p>\n","protected":false},"author":1,"featured_media":0,"parent":0,"menu_order":0,"comment_status":"closed","ping_status":"closed","template":"","meta":{"_et_pb_use_builder":"on","_et_pb_old_content":"","_et_gb_content_width":"","footnotes":""},"class_list":["post-3092","page","type-page","status-publish","hentry"],"yoast_head":"<!-- This site is optimized with the Yoast SEO plugin v21.5 - https:\/\/yoast.com\/wordpress\/plugins\/seo\/ -->\n<title>Privacidad - Tavfer Hoteis<\/title>\n<meta name=\"robots\" content=\"index, follow, max-snippet:-1, max-image-preview:large, max-video-preview:-1\" \/>\n<link rel=\"canonical\" href=\"https:\/\/tavferhoteis.pt\/es\/privacidad\/\" \/>\n<meta property=\"og:locale\" content=\"es_ES\" \/>\n<meta property=\"og:type\" content=\"article\" \/>\n<meta property=\"og:title\" content=\"Privacidad - Tavfer Hoteis\" \/>\n<meta property=\"og:description\" content=\"Pol\u00edtica de privacidad &nbsp; En Sociedade Agr\u00edcola Castro de Pena Alba, SA respetamos su privacidad y le agradecemos su confianza. La privacidad de nuestros clientes y proveedores es primordial y en esta Pol\u00edtica de Privacidad le explicamos qui\u00e9nes somos, para qu\u00e9 podemos utilizar sus datos y con qui\u00e9n los compartimos, cu\u00e1nto tiempo los conservamos, as\u00ed [&hellip;]\" \/>\n<meta property=\"og:url\" content=\"https:\/\/tavferhoteis.pt\/es\/privacidad\/\" \/>\n<meta property=\"og:site_name\" content=\"Tavfer Hoteis\" \/>\n<meta property=\"article:publisher\" content=\"https:\/\/www.facebook.com\/tavferhoteis\" \/>\n<meta property=\"article:modified_time\" content=\"2023-03-02T11:02:03+00:00\" \/>\n<meta name=\"twitter:card\" content=\"summary_large_image\" \/>\n<meta name=\"twitter:label1\" content=\"Tiempo de lectura\" \/>\n\t<meta name=\"twitter:data1\" content=\"4 minutos\" \/>\n<script type=\"application\/ld+json\" class=\"yoast-schema-graph\">{\"@context\":\"https:\/\/schema.org\",\"@graph\":[{\"@type\":\"WebPage\",\"@id\":\"https:\/\/tavferhoteis.pt\/es\/privacidad\/\",\"url\":\"https:\/\/tavferhoteis.pt\/es\/privacidad\/\",\"name\":\"Privacidad - Tavfer Hoteis\",\"isPartOf\":{\"@id\":\"https:\/\/tavferhoteis.pt\/#website\"},\"datePublished\":\"2022-12-13T16:41:30+00:00\",\"dateModified\":\"2023-03-02T11:02:03+00:00\",\"breadcrumb\":{\"@id\":\"https:\/\/tavferhoteis.pt\/es\/privacidad\/#breadcrumb\"},\"inLanguage\":\"es\",\"potentialAction\":[{\"@type\":\"ReadAction\",\"target\":[\"https:\/\/tavferhoteis.pt\/es\/privacidad\/\"]}]},{\"@type\":\"BreadcrumbList\",\"@id\":\"https:\/\/tavferhoteis.pt\/es\/privacidad\/#breadcrumb\",\"itemListElement\":[{\"@type\":\"ListItem\",\"position\":1,\"name\":\"In\u00edcio\",\"item\":\"https:\/\/tavferhoteis.pt\/es\/\"},{\"@type\":\"ListItem\",\"position\":2,\"name\":\"Privacidad\"}]},{\"@type\":\"WebSite\",\"@id\":\"https:\/\/tavferhoteis.pt\/#website\",\"url\":\"https:\/\/tavferhoteis.pt\/\",\"name\":\"Tavfer Hoteis\",\"description\":\"Tavfer hoteis\",\"publisher\":{\"@id\":\"https:\/\/tavferhoteis.pt\/#organization\"},\"potentialAction\":[{\"@type\":\"SearchAction\",\"target\":{\"@type\":\"EntryPoint\",\"urlTemplate\":\"https:\/\/tavferhoteis.pt\/?s={search_term_string}\"},\"query-input\":\"required name=search_term_string\"}],\"inLanguage\":\"es\"},{\"@type\":\"Organization\",\"@id\":\"https:\/\/tavferhoteis.pt\/#organization\",\"name\":\"Tavfer Hoteis\",\"url\":\"https:\/\/tavferhoteis.pt\/\",\"logo\":{\"@type\":\"ImageObject\",\"inLanguage\":\"es\",\"@id\":\"https:\/\/tavferhoteis.pt\/#\/schema\/logo\/image\/\",\"url\":\"https:\/\/tavferhoteis.pt\/wp-content\/uploads\/2023\/01\/logo-header.png\",\"contentUrl\":\"https:\/\/tavferhoteis.pt\/wp-content\/uploads\/2023\/01\/logo-header.png\",\"width\":219,\"height\":46,\"caption\":\"Tavfer Hoteis\"},\"image\":{\"@id\":\"https:\/\/tavferhoteis.pt\/#\/schema\/logo\/image\/\"},\"sameAs\":[\"https:\/\/www.facebook.com\/tavferhoteis\"]}]}<\/script>\n<!-- \/ Yoast SEO plugin. -->","yoast_head_json":{"title":"Privacidad - Tavfer Hoteis","robots":{"index":"index","follow":"follow","max-snippet":"max-snippet:-1","max-image-preview":"max-image-preview:large","max-video-preview":"max-video-preview:-1"},"canonical":"https:\/\/tavferhoteis.pt\/es\/privacidad\/","og_locale":"es_ES","og_type":"article","og_title":"Privacidad - Tavfer Hoteis","og_description":"Pol\u00edtica de privacidad &nbsp; En Sociedade Agr\u00edcola Castro de Pena Alba, SA respetamos su privacidad y le agradecemos su confianza. La privacidad de nuestros clientes y proveedores es primordial y en esta Pol\u00edtica de Privacidad le explicamos qui\u00e9nes somos, para qu\u00e9 podemos utilizar sus datos y con qui\u00e9n los compartimos, cu\u00e1nto tiempo los conservamos, as\u00ed [&hellip;]","og_url":"https:\/\/tavferhoteis.pt\/es\/privacidad\/","og_site_name":"Tavfer Hoteis","article_publisher":"https:\/\/www.facebook.com\/tavferhoteis","article_modified_time":"2023-03-02T11:02:03+00:00","twitter_card":"summary_large_image","twitter_misc":{"Tiempo de lectura":"4 minutos"},"schema":{"@context":"https:\/\/schema.org","@graph":[{"@type":"WebPage","@id":"https:\/\/tavferhoteis.pt\/es\/privacidad\/","url":"https:\/\/tavferhoteis.pt\/es\/privacidad\/","name":"Privacidad - Tavfer Hoteis","isPartOf":{"@id":"https:\/\/tavferhoteis.pt\/#website"},"datePublished":"2022-12-13T16:41:30+00:00","dateModified":"2023-03-02T11:02:03+00:00","breadcrumb":{"@id":"https:\/\/tavferhoteis.pt\/es\/privacidad\/#breadcrumb"},"inLanguage":"es","potentialAction":[{"@type":"ReadAction","target":["https:\/\/tavferhoteis.pt\/es\/privacidad\/"]}]},{"@type":"BreadcrumbList","@id":"https:\/\/tavferhoteis.pt\/es\/privacidad\/#breadcrumb","itemListElement":[{"@type":"ListItem","position":1,"name":"In\u00edcio","item":"https:\/\/tavferhoteis.pt\/es\/"},{"@type":"ListItem","position":2,"name":"Privacidad"}]},{"@type":"WebSite","@id":"https:\/\/tavferhoteis.pt\/#website","url":"https:\/\/tavferhoteis.pt\/","name":"Tavfer Hoteis","description":"Tavfer hoteis","publisher":{"@id":"https:\/\/tavferhoteis.pt\/#organization"},"potentialAction":[{"@type":"SearchAction","target":{"@type":"EntryPoint","urlTemplate":"https:\/\/tavferhoteis.pt\/?s={search_term_string}"},"query-input":"required name=search_term_string"}],"inLanguage":"es"},{"@type":"Organization","@id":"https:\/\/tavferhoteis.pt\/#organization","name":"Tavfer Hoteis","url":"https:\/\/tavferhoteis.pt\/","logo":{"@type":"ImageObject","inLanguage":"es","@id":"https:\/\/tavferhoteis.pt\/#\/schema\/logo\/image\/","url":"https:\/\/tavferhoteis.pt\/wp-content\/uploads\/2023\/01\/logo-header.png","contentUrl":"https:\/\/tavferhoteis.pt\/wp-content\/uploads\/2023\/01\/logo-header.png","width":219,"height":46,"caption":"Tavfer Hoteis"},"image":{"@id":"https:\/\/tavferhoteis.pt\/#\/schema\/logo\/image\/"},"sameAs":["https:\/\/www.facebook.com\/tavferhoteis"]}]}},"_links":{"self":[{"href":"https:\/\/tavferhoteis.pt\/es\/wp-json\/wp\/v2\/pages\/3092","targetHints":{"allow":["GET"]}}],"collection":[{"href":"https:\/\/tavferhoteis.pt\/es\/wp-json\/wp\/v2\/pages"}],"about":[{"href":"https:\/\/tavferhoteis.pt\/es\/wp-json\/wp\/v2\/types\/page"}],"author":[{"embeddable":true,"href":"https:\/\/tavferhoteis.pt\/es\/wp-json\/wp\/v2\/users\/1"}],"replies":[{"embeddable":true,"href":"https:\/\/tavferhoteis.pt\/es\/wp-json\/wp\/v2\/comments?post=3092"}],"version-history":[{"count":2,"href":"https:\/\/tavferhoteis.pt\/es\/wp-json\/wp\/v2\/pages\/3092\/revisions"}],"predecessor-version":[{"id":3094,"href":"https:\/\/tavferhoteis.pt\/es\/wp-json\/wp\/v2\/pages\/3092\/revisions\/3094"}],"wp:attachment":[{"href":"https:\/\/tavferhoteis.pt\/es\/wp-json\/wp\/v2\/media?parent=3092"}],"curies":[{"name":"wp","href":"https:\/\/api.w.org\/{rel}","templated":true}]}}