{"id":3042,"date":"2022-12-13T14:53:26","date_gmt":"2022-12-13T14:53:26","guid":{"rendered":"https:\/\/tavferhoteis.pt\/cookies\/"},"modified":"2023-03-21T17:26:09","modified_gmt":"2023-03-21T17:26:09","slug":"cookies","status":"publish","type":"page","link":"https:\/\/tavferhoteis.pt\/fr\/cookies\/","title":{"rendered":"Cookies"},"content":{"rendered":"<p>[et_pb_section fb_built=\u00a0\u00bb1&Prime; _builder_version=\u00a0\u00bb4.17.4&Prime; _module_preset=\u00a0\u00bbdefault\u00a0\u00bb global_colors_info=\u00a0\u00bb{}\u00a0\u00bb][et_pb_row _builder_version=\u00a0\u00bb4.17.4&Prime; _module_preset=\u00a0\u00bbdefault\u00a0\u00bb global_colors_info=\u00a0\u00bb{}\u00a0\u00bb][et_pb_column type=\u00a0\u00bb4_4&Prime; _builder_version=\u00a0\u00bb4.17.4&Prime; _module_preset=\u00a0\u00bbdefault\u00a0\u00bb global_colors_info=\u00a0\u00bb{}\u00a0\u00bb][\/et_pb_column][\/et_pb_row][\/et_pb_section][et_pb_section fb_built=\u00a0\u00bb1&Prime; _builder_version=\u00a0\u00bb4.17.4&Prime; _module_preset=\u00a0\u00bbdefault\u00a0\u00bb global_colors_info=\u00a0\u00bb{}\u00a0\u00bb][et_pb_row _builder_version=\u00a0\u00bb4.17.4&Prime; _module_preset=\u00a0\u00bbdefault\u00a0\u00bb global_colors_info=\u00a0\u00bb{}\u00a0\u00bb][et_pb_column type=\u00a0\u00bb4_4&Prime; _builder_version=\u00a0\u00bb4.17.4&Prime; _module_preset=\u00a0\u00bbdefault\u00a0\u00bb global_colors_info=\u00a0\u00bb{}\u00a0\u00bb][et_pb_text _builder_version=\u00a0\u00bb4.17.4&Prime; _module_preset=\u00a0\u00bbdefault\u00a0\u00bb custom_padding=\u00a0\u00bb0px|||||\u00a0\u00bb global_colors_info=\u00a0\u00bb{}\u00a0\u00bb]<\/p>\n<h1>Politique en mati\u00e8re de cookies<\/h1>\n<p>&nbsp;<\/p>\n<p>&nbsp;<\/p>\n<ol>\n<li><strong>  Cookies<\/strong><\/li>\n<\/ol>\n<p>Afin de fournir un service plus personnalis\u00e9, le site tavfervinhos.com utilise des cookies pour collecter et stocker des informations. Un cookie est un petit fichier d&rsquo;information qui est plac\u00e9 sur votre ordinateur et qui lui permet de m\u00e9moriser vos choix, vos dates et vos pr\u00e9c\u00e9dentes visites sur le site.<\/p>\n<p>\u00c0 tout moment, vous pouvez utiliser votre navigateur Internet pour d\u00e9cider de bloquer l&rsquo;entr\u00e9e dans votre syst\u00e8me.<\/p>\n<p>Le refus d&rsquo;utiliser des cookies sur le site web peut entra\u00eener l&rsquo;impossibilit\u00e9 d&rsquo;acc\u00e9der \u00e0 certaines de ses zones ou de recevoir des informations personnalis\u00e9es.<\/p>\n<p><strong>1.2 A quoi servent-ils ? <\/strong><strong><strong>cookies<\/strong><\/strong><\/p>\n<p>Les cookies sont utilis\u00e9s pour aider \u00e0 d\u00e9terminer l&rsquo;utilit\u00e9, l&rsquo;int\u00e9r\u00eat et le nombre d&rsquo;utilisations des sites web, permettant une navigation plus rapide et plus efficace et \u00e9liminant la n\u00e9cessit\u00e9 de saisir de mani\u00e8re r\u00e9p\u00e9t\u00e9e les m\u00eames informations.<\/p>\n<p>Quels types de cookies nous utilisons<\/p>\n<p><strong>1.2.1 Nos cookies ont diff\u00e9rentes fonctions :<\/strong><\/p>\n<p><strong>1.2.1.1 Cookies essentiels<\/strong><\/p>\n<p>Certains cookies sont indispensables pour acc\u00e9der \u00e0 des zones sp\u00e9cifiques de notre site web.<\/p>\n<p>Ils vous permettent de naviguer sur le site et d&rsquo;utiliser ses applications, par exemple pour acc\u00e9der \u00e0 des zones s\u00e9curis\u00e9es du site en vous connectant. Sans ces cookies, les services qui le n\u00e9cessitent ne peuvent \u00eatre fournis.<\/p>\n<p><strong>1.2.1.2 Cookies analytiques<\/strong><\/p>\n<p>Nous utilisons ces cookies pour analyser la fa\u00e7on dont les utilisateurs utilisent le site et pour en contr\u00f4ler les performances. Cela nous permet de fournir une exp\u00e9rience de haute qualit\u00e9 en personnalisant notre offre et en identifiant et corrigeant rapidement tout probl\u00e8me qui survient. Par exemple, nous utilisons des cookies de performance pour savoir quelles pages sont les plus populaires, quelle m\u00e9thode de liaison des pages est la plus efficace, ou pour d\u00e9terminer pourquoi certaines pages re\u00e7oivent des messages d&rsquo;erreur. Ces cookies sont uniquement utilis\u00e9s \u00e0 des fins de cr\u00e9ation et d&rsquo;analyse statistique et ne collectent jamais d&rsquo;informations personnelles.<\/p>\n<p><strong>1.2.1.3 Cookies de fonctionnalit\u00e9<\/strong><\/p>\n<p>Nous utilisons des cookies de fonctionnalit\u00e9 pour nous permettre de nous souvenir des pr\u00e9f\u00e9rences des utilisateurs.<\/p>\n<p><strong>1.2.2 Les cookies utilis\u00e9s peuvent \u00eatre :<\/strong><\/p>\n<p><strong>1.2.2.1 Cookies permanents<\/strong><\/p>\n<p>Ils sont stock\u00e9s dans le navigateur internet de vos appareils d&rsquo;acc\u00e8s (pc, mobile et tablette) et sont utilis\u00e9s \u00e0 chaque fois que vous visitez \u00e0 nouveau le site.<\/p>\n<p><strong>1.2.2.2 Cookies de session<\/strong><\/p>\n<p>Ils sont temporaires, ils restent dans les cookies de votre navigateur internet jusqu&rsquo;\u00e0 ce que vous quittiez le site. Les informations obtenues nous permettent d&rsquo;identifier les probl\u00e8mes et de fournir une meilleure exp\u00e9rience de navigation.<\/p>\n<p><strong>1.2.2.3 L&rsquo;utilisation des cookies peut \u00eatre bloqu\u00e9e.<\/strong><\/p>\n<p>Comme nous l&rsquo;avons expliqu\u00e9, les cookies vous aident \u00e0 tirer le meilleur parti de nos sites web.<\/p>\n<p>Apr\u00e8s avoir consenti \u00e0 l&rsquo;utilisation de cookies, vous pouvez toujours d\u00e9sactiver tout ou partie de nos cookies. Tous les navigateurs internet vous permettent d&rsquo;accepter, de rejeter ou de supprimer les cookies en g\u00e9rant les param\u00e8tres de votre navigateur.<\/p>\n<p>Nous vous rappelons qu&rsquo;en d\u00e9sactivant les cookies, certaines parties de notre site web peuvent ne pas fonctionner correctement.<\/p>\n<p><strong>1.2.2.4 Utilisation de cookies lors de l&rsquo;ouverture de nos newsletters<\/strong><\/p>\n<p>Nos bulletins d&rsquo;information peuvent, \u00e0 des fins statistiques, contenir un seul \u00ab\u00a0pixel\u00a0\u00bb qui nous permet de savoir s&rsquo;ils sont ouverts et de v\u00e9rifier les clics sur les liens ou les publicit\u00e9s contenus dans le bulletin.<\/p>\n<p>Si vous \u00eates conduit sur nos pages web par un lien de la newsletter, vous nous autorisez \u00e9galement \u00e0 traiter et \u00e0 utiliser votre adresse IP, vos donn\u00e9es de localisation, vos balises web et des technologies similaires ; nous utilisons la collecte de ces informations pour v\u00e9rifier si les offres qui vous sont pr\u00e9sent\u00e9es correspondent \u00e0 vos pr\u00e9f\u00e9rences et pour am\u00e9liorer votre exp\u00e9rience de navigation.<\/p>\n<p><strong>1.2.2.5 Plus d&rsquo;informations sur les cookies<\/strong><\/p>\n<p>Vous pouvez obtenir plus d&rsquo;informations sur les cookies en cliquant sur le lien suivant : <strong><br \/>\n  <a href=\"http:\/\/www.allaboutcookies.org\/\">www.allaboutcookies.org<\/a><br \/>\n<\/strong><\/p>\n<p><strong>1.3 Qui aura acc\u00e8s \u00e0 mes donn\u00e9es ?<\/strong><\/p>\n<p>Toutes les informations sont confidentielles et utilis\u00e9es uniquement par Empreendimentos Tur\u00edsticos Quinta dos Cedros, S.A., pour le traitement de la r\u00e9servation et l\u2019envoi \u00e9ventuel de nouvelles. Il n&rsquo;y a pas de cession d&rsquo;informations \u00e0 des tiers.<\/p>\n<p><strong>1.4 Politique de confidentialit\u00e9 et de s\u00e9curit\u00e9 &#8211; Comment pouvez-vous \u00eatre inform\u00e9 de tout changement ?<\/strong><\/p>\n<p>Empreendimentos Tur\u00edsticos Quinta dos Cedros, S.A., se r\u00e9serve le droit, \u00e0 tout moment, d\u2019apporter des modifications ou des mises \u00e0 jour \u00e0 sa politique de confidentialit\u00e9, de s\u00e9curit\u00e9 et de protection des donn\u00e9es, et ces changements sont d\u00fbment mis \u00e0 jour sur cette page. Nous vous sugg\u00e9rons de le consulter r\u00e9guli\u00e8rement pour \u00eatre au courant de tout changement.<\/p>\n<p><strong>1.5 Coordonn\u00e9es du propri\u00e9taire et du responsable du site web<\/strong><\/p>\n<p>Empreendimentos Tur\u00edsticos Quinta dos Cedros, S.A., avec adresse \u00e0 Avenida Tom\u00e1s Cabreira \u2013 8500-802 Portim\u00e3o et NIF \u2013 502671238<\/p>\n<p>&nbsp;<\/p>\n<p>[\/et_pb_text][\/et_pb_column][\/et_pb_row][\/et_pb_section]<\/p>\n","protected":false},"excerpt":{"rendered":"<p>Politique en mati\u00e8re de cookies &nbsp; &nbsp; Cookies Afin de fournir un service plus personnalis\u00e9, le site tavfervinhos.com utilise des cookies pour collecter et stocker des informations. Un cookie est un petit fichier d&rsquo;information qui est plac\u00e9 sur votre ordinateur et qui lui permet de m\u00e9moriser vos choix, vos dates et vos pr\u00e9c\u00e9dentes visites sur [&hellip;]<\/p>\n","protected":false},"author":1,"featured_media":0,"parent":0,"menu_order":0,"comment_status":"closed","ping_status":"closed","template":"","meta":{"_et_pb_use_builder":"on","_et_pb_old_content":"","_et_gb_content_width":"","footnotes":""},"class_list":["post-3042","page","type-page","status-publish","hentry"],"yoast_head":"<!-- This site is optimized with the Yoast SEO plugin v21.5 - https:\/\/yoast.com\/wordpress\/plugins\/seo\/ -->\n<title>Cookies - Tavfer Hoteis<\/title>\n<meta name=\"robots\" content=\"index, follow, max-snippet:-1, max-image-preview:large, max-video-preview:-1\" \/>\n<link rel=\"canonical\" href=\"https:\/\/tavferhoteis.pt\/fr\/cookies\/\" \/>\n<meta property=\"og:locale\" content=\"fr_FR\" \/>\n<meta property=\"og:type\" content=\"article\" \/>\n<meta property=\"og:title\" content=\"Cookies - Tavfer Hoteis\" \/>\n<meta property=\"og:description\" content=\"Politique en mati\u00e8re de cookies &nbsp; &nbsp; Cookies Afin de fournir un service plus personnalis\u00e9, le site tavfervinhos.com utilise des cookies pour collecter et stocker des informations. Un cookie est un petit fichier d&#039;information qui est plac\u00e9 sur votre ordinateur et qui lui permet de m\u00e9moriser vos choix, vos dates et vos pr\u00e9c\u00e9dentes visites sur [&hellip;]\" \/>\n<meta property=\"og:url\" content=\"https:\/\/tavferhoteis.pt\/fr\/cookies\/\" \/>\n<meta property=\"og:site_name\" content=\"Tavfer Hoteis\" \/>\n<meta property=\"article:publisher\" content=\"https:\/\/www.facebook.com\/tavferhoteis\" \/>\n<meta property=\"article:modified_time\" content=\"2023-03-21T17:26:09+00:00\" \/>\n<meta name=\"twitter:card\" content=\"summary_large_image\" \/>\n<meta name=\"twitter:label1\" content=\"Dur\u00e9e de lecture estim\u00e9e\" \/>\n\t<meta name=\"twitter:data1\" content=\"5 minutes\" \/>\n<script type=\"application\/ld+json\" class=\"yoast-schema-graph\">{\"@context\":\"https:\/\/schema.org\",\"@graph\":[{\"@type\":\"WebPage\",\"@id\":\"https:\/\/tavferhoteis.pt\/fr\/cookies\/\",\"url\":\"https:\/\/tavferhoteis.pt\/fr\/cookies\/\",\"name\":\"Cookies - Tavfer Hoteis\",\"isPartOf\":{\"@id\":\"https:\/\/tavferhoteis.pt\/#website\"},\"datePublished\":\"2022-12-13T14:53:26+00:00\",\"dateModified\":\"2023-03-21T17:26:09+00:00\",\"breadcrumb\":{\"@id\":\"https:\/\/tavferhoteis.pt\/fr\/cookies\/#breadcrumb\"},\"inLanguage\":\"fr-FR\",\"potentialAction\":[{\"@type\":\"ReadAction\",\"target\":[\"https:\/\/tavferhoteis.pt\/fr\/cookies\/\"]}]},{\"@type\":\"BreadcrumbList\",\"@id\":\"https:\/\/tavferhoteis.pt\/fr\/cookies\/#breadcrumb\",\"itemListElement\":[{\"@type\":\"ListItem\",\"position\":1,\"name\":\"In\u00edcio\",\"item\":\"https:\/\/tavferhoteis.pt\/fr\/\"},{\"@type\":\"ListItem\",\"position\":2,\"name\":\"Cookies\"}]},{\"@type\":\"WebSite\",\"@id\":\"https:\/\/tavferhoteis.pt\/#website\",\"url\":\"https:\/\/tavferhoteis.pt\/\",\"name\":\"Tavfer Hoteis\",\"description\":\"Tavfer hoteis\",\"publisher\":{\"@id\":\"https:\/\/tavferhoteis.pt\/#organization\"},\"potentialAction\":[{\"@type\":\"SearchAction\",\"target\":{\"@type\":\"EntryPoint\",\"urlTemplate\":\"https:\/\/tavferhoteis.pt\/?s={search_term_string}\"},\"query-input\":\"required name=search_term_string\"}],\"inLanguage\":\"fr-FR\"},{\"@type\":\"Organization\",\"@id\":\"https:\/\/tavferhoteis.pt\/#organization\",\"name\":\"Tavfer Hoteis\",\"url\":\"https:\/\/tavferhoteis.pt\/\",\"logo\":{\"@type\":\"ImageObject\",\"inLanguage\":\"fr-FR\",\"@id\":\"https:\/\/tavferhoteis.pt\/#\/schema\/logo\/image\/\",\"url\":\"https:\/\/tavferhoteis.pt\/wp-content\/uploads\/2023\/01\/logo-header.png\",\"contentUrl\":\"https:\/\/tavferhoteis.pt\/wp-content\/uploads\/2023\/01\/logo-header.png\",\"width\":219,\"height\":46,\"caption\":\"Tavfer Hoteis\"},\"image\":{\"@id\":\"https:\/\/tavferhoteis.pt\/#\/schema\/logo\/image\/\"},\"sameAs\":[\"https:\/\/www.facebook.com\/tavferhoteis\"]}]}<\/script>\n<!-- \/ Yoast SEO plugin. -->","yoast_head_json":{"title":"Cookies - Tavfer Hoteis","robots":{"index":"index","follow":"follow","max-snippet":"max-snippet:-1","max-image-preview":"max-image-preview:large","max-video-preview":"max-video-preview:-1"},"canonical":"https:\/\/tavferhoteis.pt\/fr\/cookies\/","og_locale":"fr_FR","og_type":"article","og_title":"Cookies - Tavfer Hoteis","og_description":"Politique en mati\u00e8re de cookies &nbsp; &nbsp; Cookies Afin de fournir un service plus personnalis\u00e9, le site tavfervinhos.com utilise des cookies pour collecter et stocker des informations. Un cookie est un petit fichier d'information qui est plac\u00e9 sur votre ordinateur et qui lui permet de m\u00e9moriser vos choix, vos dates et vos pr\u00e9c\u00e9dentes visites sur [&hellip;]","og_url":"https:\/\/tavferhoteis.pt\/fr\/cookies\/","og_site_name":"Tavfer Hoteis","article_publisher":"https:\/\/www.facebook.com\/tavferhoteis","article_modified_time":"2023-03-21T17:26:09+00:00","twitter_card":"summary_large_image","twitter_misc":{"Dur\u00e9e de lecture estim\u00e9e":"5 minutes"},"schema":{"@context":"https:\/\/schema.org","@graph":[{"@type":"WebPage","@id":"https:\/\/tavferhoteis.pt\/fr\/cookies\/","url":"https:\/\/tavferhoteis.pt\/fr\/cookies\/","name":"Cookies - Tavfer Hoteis","isPartOf":{"@id":"https:\/\/tavferhoteis.pt\/#website"},"datePublished":"2022-12-13T14:53:26+00:00","dateModified":"2023-03-21T17:26:09+00:00","breadcrumb":{"@id":"https:\/\/tavferhoteis.pt\/fr\/cookies\/#breadcrumb"},"inLanguage":"fr-FR","potentialAction":[{"@type":"ReadAction","target":["https:\/\/tavferhoteis.pt\/fr\/cookies\/"]}]},{"@type":"BreadcrumbList","@id":"https:\/\/tavferhoteis.pt\/fr\/cookies\/#breadcrumb","itemListElement":[{"@type":"ListItem","position":1,"name":"In\u00edcio","item":"https:\/\/tavferhoteis.pt\/fr\/"},{"@type":"ListItem","position":2,"name":"Cookies"}]},{"@type":"WebSite","@id":"https:\/\/tavferhoteis.pt\/#website","url":"https:\/\/tavferhoteis.pt\/","name":"Tavfer Hoteis","description":"Tavfer hoteis","publisher":{"@id":"https:\/\/tavferhoteis.pt\/#organization"},"potentialAction":[{"@type":"SearchAction","target":{"@type":"EntryPoint","urlTemplate":"https:\/\/tavferhoteis.pt\/?s={search_term_string}"},"query-input":"required name=search_term_string"}],"inLanguage":"fr-FR"},{"@type":"Organization","@id":"https:\/\/tavferhoteis.pt\/#organization","name":"Tavfer Hoteis","url":"https:\/\/tavferhoteis.pt\/","logo":{"@type":"ImageObject","inLanguage":"fr-FR","@id":"https:\/\/tavferhoteis.pt\/#\/schema\/logo\/image\/","url":"https:\/\/tavferhoteis.pt\/wp-content\/uploads\/2023\/01\/logo-header.png","contentUrl":"https:\/\/tavferhoteis.pt\/wp-content\/uploads\/2023\/01\/logo-header.png","width":219,"height":46,"caption":"Tavfer Hoteis"},"image":{"@id":"https:\/\/tavferhoteis.pt\/#\/schema\/logo\/image\/"},"sameAs":["https:\/\/www.facebook.com\/tavferhoteis"]}]}},"_links":{"self":[{"href":"https:\/\/tavferhoteis.pt\/fr\/wp-json\/wp\/v2\/pages\/3042","targetHints":{"allow":["GET"]}}],"collection":[{"href":"https:\/\/tavferhoteis.pt\/fr\/wp-json\/wp\/v2\/pages"}],"about":[{"href":"https:\/\/tavferhoteis.pt\/fr\/wp-json\/wp\/v2\/types\/page"}],"author":[{"embeddable":true,"href":"https:\/\/tavferhoteis.pt\/fr\/wp-json\/wp\/v2\/users\/1"}],"replies":[{"embeddable":true,"href":"https:\/\/tavferhoteis.pt\/fr\/wp-json\/wp\/v2\/comments?post=3042"}],"version-history":[{"count":4,"href":"https:\/\/tavferhoteis.pt\/fr\/wp-json\/wp\/v2\/pages\/3042\/revisions"}],"predecessor-version":[{"id":3588,"href":"https:\/\/tavferhoteis.pt\/fr\/wp-json\/wp\/v2\/pages\/3042\/revisions\/3588"}],"wp:attachment":[{"href":"https:\/\/tavferhoteis.pt\/fr\/wp-json\/wp\/v2\/media?parent=3042"}],"curies":[{"name":"wp","href":"https:\/\/api.w.org\/{rel}","templated":true}]}}