{"id":3089,"date":"2022-12-13T16:41:30","date_gmt":"2022-12-13T16:41:30","guid":{"rendered":"https:\/\/tavferhoteis.pt\/vie-privee\/"},"modified":"2023-03-27T16:06:00","modified_gmt":"2023-03-27T16:06:00","slug":"politique-de-confidentialite","status":"publish","type":"page","link":"https:\/\/tavferhoteis.pt\/fr\/politique-de-confidentialite\/","title":{"rendered":"Politique de Confidentialit\u00e9"},"content":{"rendered":"<p>[et_pb_section fb_built=\u00a0\u00bb1&Prime; _builder_version=\u00a0\u00bb4.17.4&Prime; _module_preset=\u00a0\u00bbdefault\u00a0\u00bb global_colors_info=\u00a0\u00bb{}\u00a0\u00bb][et_pb_row _builder_version=\u00a0\u00bb4.17.4&Prime; _module_preset=\u00a0\u00bbdefault\u00a0\u00bb global_colors_info=\u00a0\u00bb{}\u00a0\u00bb][et_pb_column type=\u00a0\u00bb4_4&Prime; _builder_version=\u00a0\u00bb4.17.4&Prime; _module_preset=\u00a0\u00bbdefault\u00a0\u00bb global_colors_info=\u00a0\u00bb{}\u00a0\u00bb][\/et_pb_column][\/et_pb_row][\/et_pb_section][et_pb_section fb_built=\u00a0\u00bb1&Prime; _builder_version=\u00a0\u00bb4.17.4&Prime; _module_preset=\u00a0\u00bbdefault\u00a0\u00bb global_colors_info=\u00a0\u00bb{}\u00a0\u00bb][et_pb_row _builder_version=\u00a0\u00bb4.17.4&Prime; _module_preset=\u00a0\u00bbdefault\u00a0\u00bb custom_padding=\u00a0\u00bb|||33px||\u00a0\u00bb global_colors_info=\u00a0\u00bb{}\u00a0\u00bb][et_pb_column type=\u00a0\u00bb4_4&Prime; _builder_version=\u00a0\u00bb4.17.4&Prime; _module_preset=\u00a0\u00bbdefault\u00a0\u00bb global_colors_info=\u00a0\u00bb{}\u00a0\u00bb][et_pb_text _builder_version=\u00a0\u00bb4.17.4&Prime; _module_preset=\u00a0\u00bbdefault\u00a0\u00bb header_6_font_size=\u00a0\u00bb10px\u00a0\u00bb custom_padding=\u00a0\u00bb0px|||||\u00a0\u00bb hover_enabled=\u00a0\u00bb0&Prime; global_colors_info=\u00a0\u00bb{}\u00a0\u00bb sticky_enabled=\u00a0\u00bb0&Prime;]<\/p>\n<h1>Politique de confidentialit\u00e9<\/h1>\n<p>&nbsp;<\/p>\n<p><strong>COMMENT ET \u00c0 QUELLES FINS VOS DONN\u00c9ES PERSONNELLES SONT-ELLES UTILIS\u00c9ES ?<\/strong><\/p>\n<p>Tavfer Hot\u00e9is respecte votre vie priv\u00e9e et utilise les informations collect\u00e9es pour faciliter les processus de r\u00e9servation et de facturation des chambres, la gestion de la client\u00e8le, \u00e0 des fins historiques et statistiques, les obligations l\u00e9gales, le contr\u00f4le de la qualit\u00e9 du service et pour les contacts futurs. Nous utilisons les informations collect\u00e9es pour adapter nos produits et services \u00e0 nos clients, pour envoyer des informations, des promotions et des prix en fonction des s\u00e9jours, par e-mail, SMS ou appel t\u00e9l\u00e9phonique. Cette communication concerne nos produits ou les produits de partenaires avec lesquels nous avons un accord et ne constitue pas une obligation l\u00e9gale ou contractuelle. Il n\u2019y a pas de cons\u00e9quences pour ceux qui ne les fournissent pas.<\/p>\n<p>&nbsp;<\/p>\n<p><strong>QUI EST RESPONSABLE DE L\u2019INFORMATION?<\/strong><\/p>\n<p>Empreendimentos Tur\u00edsticos Quinta dos Cedros, S.A., domicili\u00e9e Avenida Tom\u00e1s Cabreira \u2013 8500-802 Portim\u00e3o et NIF \u2013 502671238, ci-apr\u00e8s d\u00e9nomm\u00e9e Tavfer Hotels.<\/p>\n<p>Pour assurer la s\u00e9curit\u00e9 de vos donn\u00e9es et une confidentialit\u00e9 maximale, nous traitons les informations que vous nous avez fournies de mani\u00e8re absolument confidentielle, conform\u00e9ment \u00e0 nos politiques et proc\u00e9dures internes de s\u00e9curit\u00e9 et de confidentialit\u00e9, et nous ne partageons pas vos donn\u00e9es avec des tiers \u00e0 des fins commerciales.<\/p>\n<p>Il peut y avoir des d\u00e9cisions automatis\u00e9es, telles que le profilage, afin de mieux adapter notre offre aux besoins de nos clients et de permettre aux clients adh\u00e9rents de recevoir des promotions et des avantages sp\u00e9cifiques. Tavfer Hotels peut utiliser des tiers pour envoyer des e-mails et des SMS.<\/p>\n<p>La personne concern\u00e9e peut d\u00e9poser une plainte aupr\u00e8s de l\u2019autorit\u00e9 de contr\u00f4le \u2013 la Commission nationale de protection des donn\u00e9es.<\/p>\n<p>&nbsp;<\/p>\n<p><strong>QUI PUIS-JE CONTACTER POUR ACC\u00c9DER, RECTIFIER OU SUPPRIMER LES DONN\u00c9ES ?<\/strong><\/p>\n<p>Nos clients et visiteurs ont des pr\u00e9occupations diff\u00e9rentes en mati\u00e8re de confidentialit\u00e9 et peuvent \u00e0 tout moment examiner, mettre \u00e0 jour et d\u00e9cider du type de donn\u00e9es qu\u2019ils souhaitent voir stock\u00e9es. Le responsable des donn\u00e9es peut \u00eatre contact\u00e9 directement via le <a href=\"mailto:dpo@tavfer.com\">dpo@tavfer.com<\/a> e-mail auquel il peut demander \u00e0 tout moment la copie des donn\u00e9es le concernant, le retrait du consentement, la rectification, l\u2019effacement, la limitation, la portabilit\u00e9 et l\u2019opposition au traitement de celles-ci. Le retrait ult\u00e9rieur du consentement ne compromet pas la lic\u00e9it\u00e9 du traitement effectu\u00e9 sur la base de ce consentement.<\/p>\n<p>&nbsp;<\/p>\n<p><strong>COMBIEN DE TEMPS LES DONN\u00c9ES SONT-ELLES CONSERV\u00c9ES ?<\/strong><\/p>\n<p>Les donn\u00e9es personnelles sont conserv\u00e9es jusqu\u2019\u00e0 \u00e9puisement de l\u2019objectif auquel elles sont destin\u00e9es, \u00e9tant supprim\u00e9es 7 ans apr\u00e8s la derni\u00e8re interaction du client avec nos services ou h\u00f4tels. Il peut y avoir des dispositions l\u00e9gales qui vous obligent \u00e0 conserver les donn\u00e9es personnelles pendant une p\u00e9riode minimale plus longue.<\/p>\n<p>&nbsp;<\/p>\n<p><strong>POLITIQUE DE COOKIES<\/strong><\/p>\n<p><strong>QU\u2019EST-CE QU\u2019UN COOKIE ?<\/strong><\/p>\n<p>Ce site utilise des cookies, qui sont de petits fichiers t\u00e9l\u00e9charg\u00e9s sur votre ordinateur, pour am\u00e9liorer votre exp\u00e9rience.<\/p>\n<p>&nbsp;<\/p>\n<p><strong>COMMENT UTILISONS-NOUS LES COOKIES ?<\/strong><\/p>\n<p>Nous utilisons des cookies pour un certain nombre de raisons. Malheureusement, dans la plupart des cas, il n\u2019y a pas d\u2019options par d\u00e9faut pour d\u00e9sactiver les cookies sans d\u00e9sactiver compl\u00e8tement les fonctionnalit\u00e9s et les caract\u00e9ristiques qu\u2019ils ajoutent \u00e0 ce site Web. Il est recommand\u00e9 de laisser tous les cookies si vous n\u2019\u00eates pas s\u00fbr d\u2019en avoir besoin s\u2019ils sont utilis\u00e9s pour fournir un service que vous utilisez.<\/p>\n<p>&nbsp;<\/p>\n<p><strong>D\u00c9SACTIVER LES COOKIES<\/strong><\/p>\n<p>Vous pouvez emp\u00eacher l\u2019installation de cookies en ajustant les param\u00e8tres de votre navigateur (voir l\u2019aide de votre navigateur pour savoir comment proc\u00e9der). Nous vous avertissons que la d\u00e9sactivation des cookies affectera la fonctionnalit\u00e9 de ce site et de nombreux autres sites Web que vous visitez. La d\u00e9sactivation des cookies entra\u00eenera g\u00e9n\u00e9ralement la d\u00e9sactivation de certaines fonctionnalit\u00e9s et caract\u00e9ristiques de ce site Web. Par cons\u00e9quent, il est recommand\u00e9 de ne pas d\u00e9sactiver les cookies.<\/p>\n<p>&nbsp;<\/p>\n<p><strong>COOKIES QUE NOUS UTILISONS<\/strong><\/p>\n<ul>\n<li>Cookies de connexion<br \/>Nous utilisons des cookies lorsque vous \u00eates connect\u00e9 \u00e0 notre plateforme afin que nous puissions nous souvenir de cette action. Cela vous \u00e9vite d\u2019avoir \u00e0 vous connecter chaque fois que vous visitez une nouvelle page. Ces cookies sont g\u00e9n\u00e9ralement supprim\u00e9s ou effac\u00e9s lorsque vous vous d\u00e9connectez pour vous assurer que vous ne pouvez acc\u00e9der qu\u2019aux fonctionnalit\u00e9s et aux zones restreintes lorsque vous vous connectez.<\/li>\n<li>Cookies li\u00e9s au traitement des commandes<br \/>Ce site Web offre des facilit\u00e9s de commerce \u00e9lectronique ou de paiement et certains cookies sont essentiels pour s\u2019assurer que votre commande est m\u00e9moris\u00e9e entre les pages afin que nous puissions la traiter correctement.<\/li>\n<li>Cookies li\u00e9s aux formulaires<br \/>Lorsque vous soumettez des donn\u00e9es via un formulaire tel que ceux trouv\u00e9s sur les pages d\u2019acc\u00e8s professionnel, les cookies peuvent \u00eatre configur\u00e9s pour m\u00e9moriser les d\u00e9tails de l\u2019utilisateur pour une correspondance future.<\/li>\n<\/ul>\n<ul>\n<li>Cookies de pr\u00e9f\u00e9rences du site Web<br \/>Pour offrir une exp\u00e9rience exceptionnelle sur ce site Web, nous fournissons la fonctionnalit\u00e9 permettant de d\u00e9finir vos pr\u00e9f\u00e9rences quant au fonctionnement de ce site Web lorsque vous l\u2019utilisez. Pour m\u00e9moriser vos pr\u00e9f\u00e9rences, nous devons d\u00e9finir des cookies afin que ces informations puissent \u00eatre appel\u00e9es chaque fois que vous interagissez avec une page.<\/li>\n<\/ul>\n<p>&nbsp;<\/p>\n<p><strong>COOKIES TIERS<\/strong><\/p>\n<p>Dans certains cas particuliers, nous utilisons \u00e9galement des cookies fournis par des tiers de confiance. La section suivante d\u00e9taille les cookies tiers que vous pouvez rencontrer via ce site Web.<\/p>\n<ul>\n<li>Ce site Web utilise Google Analytics, qui est l\u2019une des solutions d\u2019analyse les plus r\u00e9pandues et les plus fiables sur le Web, pour nous aider \u00e0 comprendre comment vous utilisez le site Web et comment nous pouvons am\u00e9liorer votre exp\u00e9rience. Ces cookies peuvent suivre des choses comme le temps que vous passez sur le site et les pages que vous visitez, afin que nous puissions continuer \u00e0 produire un contenu convaincant.<\/li>\n<\/ul>\n<p>Pour plus d\u2019informations sur les cookies de Google Analytics, veuillez vous r\u00e9f\u00e9rer \u00e0 la page officielle de Google Analytics.<\/p>\n<ul>\n<li>Des analyses tierces sont utilis\u00e9es pour suivre et mesurer l\u2019utilisation de ce site Web afin que nous puissions continuer \u00e0 produire un contenu attrayant. Ces cookies peuvent suivre des \u00e9l\u00e9ments tels que le temps que vous passez sur le site Web ou les pages visit\u00e9es, ce qui nous aide \u00e0 comprendre comment nous pouvons am\u00e9liorer le site Web.<\/li>\n<li>P\u00e9riodiquement, nous testons de nouvelles fonctionnalit\u00e9s et apportons des modifications subtiles \u00e0 la fa\u00e7on dont le site se pr\u00e9sente. Lorsque nous testons encore de nouvelles fonctionnalit\u00e9s, ces cookies peuvent \u00eatre utilis\u00e9s pour vous assurer une exp\u00e9rience coh\u00e9rente sur le site, tout en comprenant quelles optimisations nos utilisateurs appr\u00e9cient le plus.<\/li>\n<li>Il est important que nous comprenions les statistiques sur le nombre de visiteurs de notre site Web qui effectuent r\u00e9ellement des r\u00e9servations et c\u2019est donc le type de donn\u00e9es que ces cookies suivront.<\/li>\n<\/ul>\n<p>&nbsp;<\/p>\n<p><strong>ENGAGEMENT DE L\u2019UTILISATEUR<\/strong><\/p>\n<p>L\u2019utilisateur s\u2019engage \u00e0 faire un usage appropri\u00e9 des contenus et des informations que Tavfer Hotels offre sur le site Web et avec un caract\u00e8re \u00e9nonciatif, mais sans s\u2019y limiter:<\/p>\n<ol>\n<li>A) Ne pas se livrer \u00e0 des activit\u00e9s ill\u00e9gales ou contraires \u00e0 la bonne foi et \u00e0 l\u2019ordre public;<\/li>\n<li>B) Ne pas diffuser de publicit\u00e9 ou de contenu \u00e0 caract\u00e8re raciste, x\u00e9nophobe ou des droits de l\u2019homme;<\/li>\n<li>C) Ne pas causer de dommages aux syst\u00e8mes physiques (mat\u00e9riels) et logiques (logiciels) de Tavfer Hotels, de ses fournisseurs ou de tiers, introduire ou diffuser des virus informatiques ou tout autre syst\u00e8me mat\u00e9riel ou logiciel capable de causer des dommages mentionn\u00e9s ci-dessus.<\/li>\n<\/ol>\n<p>&nbsp;<\/p>\n<p><strong>PLUS D\u2019INFORMATIONS<\/strong><\/p>\n<p>Esp\u00e9rons que cela soit clarifi\u00e9 et, comme mentionn\u00e9 pr\u00e9c\u00e9demment, s\u2019il y a quelque chose dont vous n\u2019\u00eates pas s\u00fbr d\u2019avoir besoin ou non, il est g\u00e9n\u00e9ralement plus s\u00fbr de laisser les cookies activ\u00e9s si vous interagissez avec l\u2019une des fonctionnalit\u00e9s que vous utilisez sur notre site Web.<\/p>\n<p>&nbsp;<\/p>\n<p>[\/et_pb_text][\/et_pb_column][\/et_pb_row][\/et_pb_section]<\/p>\n","protected":false},"excerpt":{"rendered":"<p>Politique de confidentialit\u00e9 &nbsp; COMMENT ET \u00c0 QUELLES FINS VOS DONN\u00c9ES PERSONNELLES SONT-ELLES UTILIS\u00c9ES ? Tavfer Hot\u00e9is respecte votre vie priv\u00e9e et utilise les informations collect\u00e9es pour faciliter les processus de r\u00e9servation et de facturation des chambres, la gestion de la client\u00e8le, \u00e0 des fins historiques et statistiques, les obligations l\u00e9gales, le contr\u00f4le de la [&hellip;]<\/p>\n","protected":false},"author":1,"featured_media":0,"parent":0,"menu_order":0,"comment_status":"closed","ping_status":"closed","template":"","meta":{"_et_pb_use_builder":"on","_et_pb_old_content":"","_et_gb_content_width":"","footnotes":""},"class_list":["post-3089","page","type-page","status-publish","hentry"],"yoast_head":"<!-- This site is optimized with the Yoast SEO plugin v21.5 - https:\/\/yoast.com\/wordpress\/plugins\/seo\/ -->\n<title>Politique de Confidentialit\u00e9 - Tavfer Hoteis<\/title>\n<meta name=\"robots\" content=\"index, follow, max-snippet:-1, max-image-preview:large, max-video-preview:-1\" \/>\n<link rel=\"canonical\" href=\"https:\/\/tavferhoteis.pt\/fr\/politique-de-confidentialite\/\" \/>\n<meta property=\"og:locale\" content=\"fr_FR\" \/>\n<meta property=\"og:type\" content=\"article\" \/>\n<meta property=\"og:title\" content=\"Politique de Confidentialit\u00e9 - Tavfer Hoteis\" \/>\n<meta property=\"og:description\" content=\"Politique de confidentialit\u00e9 &nbsp; COMMENT ET \u00c0 QUELLES FINS VOS DONN\u00c9ES PERSONNELLES SONT-ELLES UTILIS\u00c9ES ? Tavfer Hot\u00e9is respecte votre vie priv\u00e9e et utilise les informations collect\u00e9es pour faciliter les processus de r\u00e9servation et de facturation des chambres, la gestion de la client\u00e8le, \u00e0 des fins historiques et statistiques, les obligations l\u00e9gales, le contr\u00f4le de la [&hellip;]\" \/>\n<meta property=\"og:url\" content=\"https:\/\/tavferhoteis.pt\/fr\/politique-de-confidentialite\/\" \/>\n<meta property=\"og:site_name\" content=\"Tavfer Hoteis\" \/>\n<meta property=\"article:publisher\" content=\"https:\/\/www.facebook.com\/tavferhoteis\" \/>\n<meta property=\"article:modified_time\" content=\"2023-03-27T16:06:00+00:00\" \/>\n<meta name=\"twitter:card\" content=\"summary_large_image\" \/>\n<meta name=\"twitter:label1\" content=\"Dur\u00e9e de lecture estim\u00e9e\" \/>\n\t<meta name=\"twitter:data1\" content=\"8 minutes\" \/>\n<script type=\"application\/ld+json\" class=\"yoast-schema-graph\">{\"@context\":\"https:\/\/schema.org\",\"@graph\":[{\"@type\":\"WebPage\",\"@id\":\"https:\/\/tavferhoteis.pt\/fr\/politique-de-confidentialite\/\",\"url\":\"https:\/\/tavferhoteis.pt\/fr\/politique-de-confidentialite\/\",\"name\":\"Politique de Confidentialit\u00e9 - Tavfer Hoteis\",\"isPartOf\":{\"@id\":\"https:\/\/tavferhoteis.pt\/#website\"},\"datePublished\":\"2022-12-13T16:41:30+00:00\",\"dateModified\":\"2023-03-27T16:06:00+00:00\",\"breadcrumb\":{\"@id\":\"https:\/\/tavferhoteis.pt\/fr\/politique-de-confidentialite\/#breadcrumb\"},\"inLanguage\":\"fr-FR\",\"potentialAction\":[{\"@type\":\"ReadAction\",\"target\":[\"https:\/\/tavferhoteis.pt\/fr\/politique-de-confidentialite\/\"]}]},{\"@type\":\"BreadcrumbList\",\"@id\":\"https:\/\/tavferhoteis.pt\/fr\/politique-de-confidentialite\/#breadcrumb\",\"itemListElement\":[{\"@type\":\"ListItem\",\"position\":1,\"name\":\"In\u00edcio\",\"item\":\"https:\/\/tavferhoteis.pt\/fr\/\"},{\"@type\":\"ListItem\",\"position\":2,\"name\":\"Politique de Confidentialit\u00e9\"}]},{\"@type\":\"WebSite\",\"@id\":\"https:\/\/tavferhoteis.pt\/#website\",\"url\":\"https:\/\/tavferhoteis.pt\/\",\"name\":\"Tavfer Hoteis\",\"description\":\"Tavfer hoteis\",\"publisher\":{\"@id\":\"https:\/\/tavferhoteis.pt\/#organization\"},\"potentialAction\":[{\"@type\":\"SearchAction\",\"target\":{\"@type\":\"EntryPoint\",\"urlTemplate\":\"https:\/\/tavferhoteis.pt\/?s={search_term_string}\"},\"query-input\":\"required name=search_term_string\"}],\"inLanguage\":\"fr-FR\"},{\"@type\":\"Organization\",\"@id\":\"https:\/\/tavferhoteis.pt\/#organization\",\"name\":\"Tavfer Hoteis\",\"url\":\"https:\/\/tavferhoteis.pt\/\",\"logo\":{\"@type\":\"ImageObject\",\"inLanguage\":\"fr-FR\",\"@id\":\"https:\/\/tavferhoteis.pt\/#\/schema\/logo\/image\/\",\"url\":\"https:\/\/tavferhoteis.pt\/wp-content\/uploads\/2023\/01\/logo-header.png\",\"contentUrl\":\"https:\/\/tavferhoteis.pt\/wp-content\/uploads\/2023\/01\/logo-header.png\",\"width\":219,\"height\":46,\"caption\":\"Tavfer Hoteis\"},\"image\":{\"@id\":\"https:\/\/tavferhoteis.pt\/#\/schema\/logo\/image\/\"},\"sameAs\":[\"https:\/\/www.facebook.com\/tavferhoteis\"]}]}<\/script>\n<!-- \/ Yoast SEO plugin. -->","yoast_head_json":{"title":"Politique de Confidentialit\u00e9 - Tavfer Hoteis","robots":{"index":"index","follow":"follow","max-snippet":"max-snippet:-1","max-image-preview":"max-image-preview:large","max-video-preview":"max-video-preview:-1"},"canonical":"https:\/\/tavferhoteis.pt\/fr\/politique-de-confidentialite\/","og_locale":"fr_FR","og_type":"article","og_title":"Politique de Confidentialit\u00e9 - Tavfer Hoteis","og_description":"Politique de confidentialit\u00e9 &nbsp; COMMENT ET \u00c0 QUELLES FINS VOS DONN\u00c9ES PERSONNELLES SONT-ELLES UTILIS\u00c9ES ? Tavfer Hot\u00e9is respecte votre vie priv\u00e9e et utilise les informations collect\u00e9es pour faciliter les processus de r\u00e9servation et de facturation des chambres, la gestion de la client\u00e8le, \u00e0 des fins historiques et statistiques, les obligations l\u00e9gales, le contr\u00f4le de la [&hellip;]","og_url":"https:\/\/tavferhoteis.pt\/fr\/politique-de-confidentialite\/","og_site_name":"Tavfer Hoteis","article_publisher":"https:\/\/www.facebook.com\/tavferhoteis","article_modified_time":"2023-03-27T16:06:00+00:00","twitter_card":"summary_large_image","twitter_misc":{"Dur\u00e9e de lecture estim\u00e9e":"8 minutes"},"schema":{"@context":"https:\/\/schema.org","@graph":[{"@type":"WebPage","@id":"https:\/\/tavferhoteis.pt\/fr\/politique-de-confidentialite\/","url":"https:\/\/tavferhoteis.pt\/fr\/politique-de-confidentialite\/","name":"Politique de Confidentialit\u00e9 - Tavfer Hoteis","isPartOf":{"@id":"https:\/\/tavferhoteis.pt\/#website"},"datePublished":"2022-12-13T16:41:30+00:00","dateModified":"2023-03-27T16:06:00+00:00","breadcrumb":{"@id":"https:\/\/tavferhoteis.pt\/fr\/politique-de-confidentialite\/#breadcrumb"},"inLanguage":"fr-FR","potentialAction":[{"@type":"ReadAction","target":["https:\/\/tavferhoteis.pt\/fr\/politique-de-confidentialite\/"]}]},{"@type":"BreadcrumbList","@id":"https:\/\/tavferhoteis.pt\/fr\/politique-de-confidentialite\/#breadcrumb","itemListElement":[{"@type":"ListItem","position":1,"name":"In\u00edcio","item":"https:\/\/tavferhoteis.pt\/fr\/"},{"@type":"ListItem","position":2,"name":"Politique de Confidentialit\u00e9"}]},{"@type":"WebSite","@id":"https:\/\/tavferhoteis.pt\/#website","url":"https:\/\/tavferhoteis.pt\/","name":"Tavfer Hoteis","description":"Tavfer hoteis","publisher":{"@id":"https:\/\/tavferhoteis.pt\/#organization"},"potentialAction":[{"@type":"SearchAction","target":{"@type":"EntryPoint","urlTemplate":"https:\/\/tavferhoteis.pt\/?s={search_term_string}"},"query-input":"required name=search_term_string"}],"inLanguage":"fr-FR"},{"@type":"Organization","@id":"https:\/\/tavferhoteis.pt\/#organization","name":"Tavfer Hoteis","url":"https:\/\/tavferhoteis.pt\/","logo":{"@type":"ImageObject","inLanguage":"fr-FR","@id":"https:\/\/tavferhoteis.pt\/#\/schema\/logo\/image\/","url":"https:\/\/tavferhoteis.pt\/wp-content\/uploads\/2023\/01\/logo-header.png","contentUrl":"https:\/\/tavferhoteis.pt\/wp-content\/uploads\/2023\/01\/logo-header.png","width":219,"height":46,"caption":"Tavfer Hoteis"},"image":{"@id":"https:\/\/tavferhoteis.pt\/#\/schema\/logo\/image\/"},"sameAs":["https:\/\/www.facebook.com\/tavferhoteis"]}]}},"_links":{"self":[{"href":"https:\/\/tavferhoteis.pt\/fr\/wp-json\/wp\/v2\/pages\/3089","targetHints":{"allow":["GET"]}}],"collection":[{"href":"https:\/\/tavferhoteis.pt\/fr\/wp-json\/wp\/v2\/pages"}],"about":[{"href":"https:\/\/tavferhoteis.pt\/fr\/wp-json\/wp\/v2\/types\/page"}],"author":[{"embeddable":true,"href":"https:\/\/tavferhoteis.pt\/fr\/wp-json\/wp\/v2\/users\/1"}],"replies":[{"embeddable":true,"href":"https:\/\/tavferhoteis.pt\/fr\/wp-json\/wp\/v2\/comments?post=3089"}],"version-history":[{"count":5,"href":"https:\/\/tavferhoteis.pt\/fr\/wp-json\/wp\/v2\/pages\/3089\/revisions"}],"predecessor-version":[{"id":3836,"href":"https:\/\/tavferhoteis.pt\/fr\/wp-json\/wp\/v2\/pages\/3089\/revisions\/3836"}],"wp:attachment":[{"href":"https:\/\/tavferhoteis.pt\/fr\/wp-json\/wp\/v2\/media?parent=3089"}],"curies":[{"name":"wp","href":"https:\/\/api.w.org\/{rel}","templated":true}]}}